{"id":20,"date":"2023-10-24T18:09:36","date_gmt":"2023-10-24T16:09:36","guid":{"rendered":"https:\/\/stucchi.9bureaudigitalagency.it\/?page_id=20"},"modified":"2025-01-09T09:01:02","modified_gmt":"2025-01-09T08:01:02","slug":"katalog-schienen","status":"publish","type":"page","link":"https:\/\/www.aagstucchi.it\/de\/katalog-schienen\/","title":{"rendered":"Catalogo Tracks DE"},"content":{"rendered":"","protected":false},"excerpt":{"rendered":"","protected":false},"author":1,"featured_media":0,"parent":0,"menu_order":0,"comment_status":"closed","ping_status":"closed","template":"templates\/catalogo-sistemi-a-binario.php","meta":{"_acf_changed":false,"footnotes":""},"class_list":["post-20","page","type-page","status-publish","hentry"],"acf":[],"yoast_head":"<!-- This site is optimized with the Yoast SEO plugin v27.3 - https:\/\/yoast.com\/product\/yoast-seo-wordpress\/ -->\n<title>Schienensysteme - Komplette L\u00f6sungen f\u00fcr Schienenbeleuchtung<\/title>\n<meta name=\"description\" content=\"Schienen, Verbindungen, Adapter und Montageszubeh\u00f6r f\u00fcr Systeme mit Netzspannung und Niedrigspannung. Entdecken Sie modulare und flexible L\u00f6sungen.\" \/>\n<meta name=\"robots\" content=\"index, follow, max-snippet:-1, max-image-preview:large, max-video-preview:-1\" \/>\n<link rel=\"canonical\" href=\"https:\/\/www.aagstucchi.it\/de\/katalog-schienen\/\" \/>\n<meta property=\"og:locale\" content=\"de_DE\" \/>\n<meta property=\"og:type\" content=\"article\" \/>\n<meta property=\"og:title\" content=\"Schienensysteme - Komplette L\u00f6sungen f\u00fcr Schienenbeleuchtung\" \/>\n<meta property=\"og:description\" content=\"Schienen, Verbindungen, Adapter und Montageszubeh\u00f6r f\u00fcr Systeme mit Netzspannung und Niedrigspannung. Entdecken Sie modulare und flexible L\u00f6sungen.\" \/>\n<meta property=\"og:url\" content=\"https:\/\/www.aagstucchi.it\/de\/katalog-schienen\/\" \/>\n<meta property=\"og:site_name\" content=\"AAG Stucchi\" \/>\n<meta property=\"article:modified_time\" content=\"2025-01-09T08:01:02+00:00\" \/>\n<meta name=\"twitter:card\" content=\"summary_large_image\" \/>\n<script type=\"application\/ld+json\" class=\"yoast-schema-graph\">{\"@context\":\"https:\\\/\\\/schema.org\",\"@graph\":[{\"@type\":\"WebPage\",\"@id\":\"https:\\\/\\\/www.aagstucchi.it\\\/de\\\/katalog-schienen\\\/\",\"url\":\"https:\\\/\\\/www.aagstucchi.it\\\/de\\\/katalog-schienen\\\/\",\"name\":\"Schienensysteme - Komplette L\u00f6sungen f\u00fcr Schienenbeleuchtung\",\"isPartOf\":{\"@id\":\"https:\\\/\\\/www.aagstucchi.it\\\/de\\\/#website\"},\"datePublished\":\"2023-10-24T16:09:36+00:00\",\"dateModified\":\"2025-01-09T08:01:02+00:00\",\"description\":\"Schienen, Verbindungen, Adapter und Montageszubeh\u00f6r f\u00fcr Systeme mit Netzspannung und Niedrigspannung. Entdecken Sie modulare und flexible L\u00f6sungen.\",\"breadcrumb\":{\"@id\":\"https:\\\/\\\/www.aagstucchi.it\\\/de\\\/katalog-schienen\\\/#breadcrumb\"},\"inLanguage\":\"de\",\"potentialAction\":[{\"@type\":\"ReadAction\",\"target\":[\"https:\\\/\\\/www.aagstucchi.it\\\/de\\\/katalog-schienen\\\/\"]}]},{\"@type\":\"BreadcrumbList\",\"@id\":\"https:\\\/\\\/www.aagstucchi.it\\\/de\\\/katalog-schienen\\\/#breadcrumb\",\"itemListElement\":[{\"@type\":\"ListItem\",\"position\":1,\"name\":\"Home\",\"item\":\"https:\\\/\\\/www.aagstucchi.it\\\/de\\\/\"},{\"@type\":\"ListItem\",\"position\":2,\"name\":\"Catalogo Tracks DE\"}]},{\"@type\":\"WebSite\",\"@id\":\"https:\\\/\\\/www.aagstucchi.it\\\/de\\\/#website\",\"url\":\"https:\\\/\\\/www.aagstucchi.it\\\/de\\\/\",\"name\":\"AAG Stucchi\",\"description\":\"\",\"potentialAction\":[{\"@type\":\"SearchAction\",\"target\":{\"@type\":\"EntryPoint\",\"urlTemplate\":\"https:\\\/\\\/www.aagstucchi.it\\\/de\\\/?s={search_term_string}\"},\"query-input\":{\"@type\":\"PropertyValueSpecification\",\"valueRequired\":true,\"valueName\":\"search_term_string\"}}],\"inLanguage\":\"de\"}]}<\/script>\n<!-- \/ Yoast SEO plugin. -->","yoast_head_json":{"title":"Schienensysteme - Komplette L\u00f6sungen f\u00fcr Schienenbeleuchtung","description":"Schienen, Verbindungen, Adapter und Montageszubeh\u00f6r f\u00fcr Systeme mit Netzspannung und Niedrigspannung. Entdecken Sie modulare und flexible L\u00f6sungen.","robots":{"index":"index","follow":"follow","max-snippet":"max-snippet:-1","max-image-preview":"max-image-preview:large","max-video-preview":"max-video-preview:-1"},"canonical":"https:\/\/www.aagstucchi.it\/de\/katalog-schienen\/","og_locale":"de_DE","og_type":"article","og_title":"Schienensysteme - Komplette L\u00f6sungen f\u00fcr Schienenbeleuchtung","og_description":"Schienen, Verbindungen, Adapter und Montageszubeh\u00f6r f\u00fcr Systeme mit Netzspannung und Niedrigspannung. Entdecken Sie modulare und flexible L\u00f6sungen.","og_url":"https:\/\/www.aagstucchi.it\/de\/katalog-schienen\/","og_site_name":"AAG Stucchi","article_modified_time":"2025-01-09T08:01:02+00:00","twitter_card":"summary_large_image","schema":{"@context":"https:\/\/schema.org","@graph":[{"@type":"WebPage","@id":"https:\/\/www.aagstucchi.it\/de\/katalog-schienen\/","url":"https:\/\/www.aagstucchi.it\/de\/katalog-schienen\/","name":"Schienensysteme - Komplette L\u00f6sungen f\u00fcr Schienenbeleuchtung","isPartOf":{"@id":"https:\/\/www.aagstucchi.it\/de\/#website"},"datePublished":"2023-10-24T16:09:36+00:00","dateModified":"2025-01-09T08:01:02+00:00","description":"Schienen, Verbindungen, Adapter und Montageszubeh\u00f6r f\u00fcr Systeme mit Netzspannung und Niedrigspannung. Entdecken Sie modulare und flexible L\u00f6sungen.","breadcrumb":{"@id":"https:\/\/www.aagstucchi.it\/de\/katalog-schienen\/#breadcrumb"},"inLanguage":"de","potentialAction":[{"@type":"ReadAction","target":["https:\/\/www.aagstucchi.it\/de\/katalog-schienen\/"]}]},{"@type":"BreadcrumbList","@id":"https:\/\/www.aagstucchi.it\/de\/katalog-schienen\/#breadcrumb","itemListElement":[{"@type":"ListItem","position":1,"name":"Home","item":"https:\/\/www.aagstucchi.it\/de\/"},{"@type":"ListItem","position":2,"name":"Catalogo Tracks DE"}]},{"@type":"WebSite","@id":"https:\/\/www.aagstucchi.it\/de\/#website","url":"https:\/\/www.aagstucchi.it\/de\/","name":"AAG Stucchi","description":"","potentialAction":[{"@type":"SearchAction","target":{"@type":"EntryPoint","urlTemplate":"https:\/\/www.aagstucchi.it\/de\/?s={search_term_string}"},"query-input":{"@type":"PropertyValueSpecification","valueRequired":true,"valueName":"search_term_string"}}],"inLanguage":"de"}]}},"_links":{"self":[{"href":"https:\/\/www.aagstucchi.it\/de\/wp-json\/wp\/v2\/pages\/20","targetHints":{"allow":["GET"]}}],"collection":[{"href":"https:\/\/www.aagstucchi.it\/de\/wp-json\/wp\/v2\/pages"}],"about":[{"href":"https:\/\/www.aagstucchi.it\/de\/wp-json\/wp\/v2\/types\/page"}],"author":[{"embeddable":true,"href":"https:\/\/www.aagstucchi.it\/de\/wp-json\/wp\/v2\/users\/1"}],"replies":[{"embeddable":true,"href":"https:\/\/www.aagstucchi.it\/de\/wp-json\/wp\/v2\/comments?post=20"}],"version-history":[{"count":2,"href":"https:\/\/www.aagstucchi.it\/de\/wp-json\/wp\/v2\/pages\/20\/revisions"}],"predecessor-version":[{"id":972,"href":"https:\/\/www.aagstucchi.it\/de\/wp-json\/wp\/v2\/pages\/20\/revisions\/972"}],"wp:attachment":[{"href":"https:\/\/www.aagstucchi.it\/de\/wp-json\/wp\/v2\/media?parent=20"}],"curies":[{"name":"wp","href":"https:\/\/api.w.org\/{rel}","templated":true}]}}