{"id":3,"date":"2023-09-25T18:38:19","date_gmt":"2023-09-25T16:38:19","guid":{"rendered":"https:\/\/stucchi.9bureaudigitalagency.it\/?page_id=3"},"modified":"2026-02-24T09:21:45","modified_gmt":"2026-02-24T08:21:45","slug":"privacy-policy","status":"publish","type":"page","link":"https:\/\/www.aagstucchi.it\/de\/privacy-policy\/","title":{"rendered":"Privacy Policy"},"content":{"rendered":"\n<h2 class=\"wp-block-heading\">INFORMATIONSSCHREIBEN GEM\u00c4SS ART. 13 DER GENERAL DATA PROTECTION REGULATION.<\/h2>\n\n\n\n<p>Durchf\u00fchrung der General Data Protection Regulation (im Folgenden \u201eGDPR\u201c oder Europ\u00e4ische Verordnung RV 679\/16) Die von Ihnen mitgeteilten pers\u00f6nlichen Angaben werden in einem gesch\u00fctzten elektronischen und\/oder IT-Archiv gespeichert und nur von A.A.G. STUCCHI S.r.l. mit manuellen, elektronischen und telematischen Instrumenten unter Einhaltung der Gesetzesvorschriften verarbeitet.<\/p>\n\n\n\n<p>Die Datenverarbeitung ist f\u00fcr die Durchf\u00fchrung eines Vertrags mit dem Benutzer und\/oder f\u00fcr die Durchf\u00fchrung vorvertraglicher Ma\u00dfnahmen unabdinglich und st\u00fctzt sich auf die Zustimmung des Benutzers. Die \u00dcbermittlung der Daten ist nicht verpflichtend, bei Unterlassung der \u00dcbermittlung ist es jedoch m\u00f6glich, dass die A.A.G. Stucchi die Anfrage oder die beantragte Dienstleistung nicht bearbeiten kann.<\/p>\n\n\n\n<p>Au\u00dfer den Daten, die durch die Nutzung dieser Webseite freiwillig \u00fcbermittelt werden, werden automatisch auch die Nutzungsdaten gesammelt. Die Daten des Benutzers werden gesammelt, um es dem Unternehmen zu erm\u00f6glichen, die eigenen Dienstleistungen anzubieten, sowie zu den folgenden Zwecken:<\/p>\n\n\n\n<ul class=\"wp-block-list\">\n<li>Statistik (Analyse der Nutzung der Webseite, gesammelt von Google Analytics \u2013 Google Inc.): diese Daten werden gesammelt, um die Nutzung dieser Applikation nachzuvollziehen und zu \u00fcberpr\u00fcfen, Berichte zu erstellen und diese mit anderen Diensten, die von Google entwickelt wurden, zu teilen;<\/li>\n\n\n\n<li>Den Benutzer kontaktieren: Mailingliste oder Newsletter \u2013 bei der Einschreibung in die Mailingliste oder f\u00fcr den Newsletter wird die E-Mail-Adresse des Benutzers automatisch in eine Adressenliste eingef\u00fcgt und es k\u00f6nnen E-Mails mit Informationen, auch zu Werbezwecken, die sich auf das Unternehmen beziehen, an sie versandt werden;<\/li>\n\n\n\n<li>Kontaktformular\/Anfrage Proben: wenn der Benutzer seine Daten in das Kontaktformular eintr\u00e4gt, stimmt er zu, dass diese zur Beantwortung von Informationsanfragen, Kostenvoranschl\u00e4gen oder anderen Anfragen, die am Anfang des Formulars angegeben sind, benutzt werden.<\/li>\n<\/ul>\n\n\n\n<p>Wir m\u00f6chten Sie au\u00dferdem dar\u00fcber informieren, dass die pers\u00f6nlichen Daten, die uns \u00fcbermittelt wurden, nicht an Dritte weitergegeben oder auf irgendeine Weise verbreitet werden; eine Ausnahme stellen nat\u00fcrliche und juristische Personen in Italien oder L\u00e4ndern der Europ\u00e4ischen Union dar, die im Namen und\/oder Interesse der A.A.G. STUCCHI S.r.l. spezifische Dienstleistungen durchf\u00fchren oder Aktivit\u00e4ten, die mit denen der A.A.G. STUCCHI S.r.l. verbunden oder korreliert sind oder ihren Zwecken dienen oder diese unterst\u00fctzen, ausf\u00fchren.<\/p>\n\n\n\n<p>Wenn die Anfrage aus einem Nicht-EU-Land \u00fcbermittelt wird, k\u00f6nnen die Daten nat\u00fcrlichen oder juristischen Personen, die im Namen der AAG Stucchi spezifische Dienstleistungen in der Region, aus der die Anfrage stammt, durchf\u00fchren, mitgeteilt werden.<\/p>\n\n\n\n<p>Gem\u00e4\u00df den Vorschriften des GDPR informieren wir Sie au\u00dferdem dar\u00fcber, dass Sie jederzeit und kostenlos die in den Artikeln 15, 16, 17, 18 und 20 des GDPR angegebenen Rechte geltend machen k\u00f6nnen, also den Zugang zu, die Erg\u00e4nzung, das L\u00f6schen der Daten und die Einschr\u00e4nkung oder die Verweigerung ihrer Verarbeitung.<\/p>\n\n\n\n<p>Das Unternehmen stellt au\u00dferdem die E-Mail-Adresse <strong><a>privacy@aagstucchi.it<\/a><\/strong> zur Verf\u00fcgung, \u00fcber die Sie die Ansprechpartner f\u00fcr Datenschutz direkt kontaktieren k\u00f6nnen.<\/p>\n\n\n\n<p>Inhaber der Verarbeitung ist die A.A.G. STUCCHI S.r.l., Via IV Novembre 30-32 \u2013 23854 Olginate (LC) \u2013 Italien, erreichbar unter der Adresse: <a href=\"mailto:info@aagstucchi.it\">info@aagstucchi.it<\/a><\/p>\n","protected":false},"excerpt":{"rendered":"<p>INFORMATIONSSCHREIBEN GEM\u00c4SS ART. 13 DER GENERAL DATA PROTECTION REGULATION. Durchf\u00fchrung der General Data Protection Regulation (im Folgenden \u201eGDPR\u201c oder Europ\u00e4ische Verordnung RV 679\/16) Die von Ihnen mitgeteilten pers\u00f6nlichen Angaben werden in einem gesch\u00fctzten elektronischen und\/oder IT-Archiv gespeichert und nur von A.A.G. STUCCHI S.r.l. mit manuellen, elektronischen und telematischen Instrumenten unter Einhaltung der Gesetzesvorschriften verarbeitet. Die [&hellip;]<\/p>\n","protected":false},"author":1,"featured_media":0,"parent":0,"menu_order":0,"comment_status":"closed","ping_status":"open","template":"","meta":{"_acf_changed":false,"footnotes":""},"class_list":["post-3","page","type-page","status-publish","hentry"],"acf":[],"yoast_head":"<!-- This site is optimized with the Yoast SEO plugin v27.4 - https:\/\/yoast.com\/product\/yoast-seo-wordpress\/ -->\n<title>Privacy Policy - AAG Stucchi<\/title>\n<meta name=\"robots\" content=\"index, follow, max-snippet:-1, max-image-preview:large, max-video-preview:-1\" \/>\n<link rel=\"canonical\" href=\"https:\/\/www.aagstucchi.it\/de\/privacy-policy\/\" \/>\n<meta property=\"og:locale\" content=\"de_DE\" \/>\n<meta property=\"og:type\" content=\"article\" \/>\n<meta property=\"og:title\" content=\"Privacy Policy - AAG Stucchi\" \/>\n<meta property=\"og:description\" content=\"INFORMATIONSSCHREIBEN GEM\u00c4SS ART. 13 DER GENERAL DATA PROTECTION REGULATION. Durchf\u00fchrung der General Data Protection Regulation (im Folgenden \u201eGDPR\u201c oder Europ\u00e4ische Verordnung RV 679\/16) Die von Ihnen mitgeteilten pers\u00f6nlichen Angaben werden in einem gesch\u00fctzten elektronischen und\/oder IT-Archiv gespeichert und nur von A.A.G. STUCCHI S.r.l. mit manuellen, elektronischen und telematischen Instrumenten unter Einhaltung der Gesetzesvorschriften verarbeitet. Die [&hellip;]\" \/>\n<meta property=\"og:url\" content=\"https:\/\/www.aagstucchi.it\/de\/privacy-policy\/\" \/>\n<meta property=\"og:site_name\" content=\"AAG Stucchi\" \/>\n<meta property=\"article:modified_time\" content=\"2026-02-24T08:21:45+00:00\" \/>\n<meta name=\"twitter:card\" content=\"summary_large_image\" \/>\n<meta name=\"twitter:label1\" content=\"Gesch\u00e4tzte Lesezeit\" \/>\n\t<meta name=\"twitter:data1\" content=\"3\u00a0Minuten\" \/>\n<script type=\"application\/ld+json\" class=\"yoast-schema-graph\">{\"@context\":\"https:\\\/\\\/schema.org\",\"@graph\":[{\"@type\":\"WebPage\",\"@id\":\"https:\\\/\\\/www.aagstucchi.it\\\/de\\\/privacy-policy\\\/\",\"url\":\"https:\\\/\\\/www.aagstucchi.it\\\/de\\\/privacy-policy\\\/\",\"name\":\"Privacy Policy - AAG Stucchi\",\"isPartOf\":{\"@id\":\"https:\\\/\\\/www.aagstucchi.it\\\/de\\\/#website\"},\"datePublished\":\"2023-09-25T16:38:19+00:00\",\"dateModified\":\"2026-02-24T08:21:45+00:00\",\"breadcrumb\":{\"@id\":\"https:\\\/\\\/www.aagstucchi.it\\\/de\\\/privacy-policy\\\/#breadcrumb\"},\"inLanguage\":\"de\",\"potentialAction\":[{\"@type\":\"ReadAction\",\"target\":[\"https:\\\/\\\/www.aagstucchi.it\\\/de\\\/privacy-policy\\\/\"]}]},{\"@type\":\"BreadcrumbList\",\"@id\":\"https:\\\/\\\/www.aagstucchi.it\\\/de\\\/privacy-policy\\\/#breadcrumb\",\"itemListElement\":[{\"@type\":\"ListItem\",\"position\":1,\"name\":\"Home\",\"item\":\"https:\\\/\\\/www.aagstucchi.it\\\/de\\\/\"},{\"@type\":\"ListItem\",\"position\":2,\"name\":\"Privacy Policy\"}]},{\"@type\":\"WebSite\",\"@id\":\"https:\\\/\\\/www.aagstucchi.it\\\/de\\\/#website\",\"url\":\"https:\\\/\\\/www.aagstucchi.it\\\/de\\\/\",\"name\":\"AAG Stucchi\",\"description\":\"\",\"potentialAction\":[{\"@type\":\"SearchAction\",\"target\":{\"@type\":\"EntryPoint\",\"urlTemplate\":\"https:\\\/\\\/www.aagstucchi.it\\\/de\\\/?s={search_term_string}\"},\"query-input\":{\"@type\":\"PropertyValueSpecification\",\"valueRequired\":true,\"valueName\":\"search_term_string\"}}],\"inLanguage\":\"de\"}]}<\/script>\n<!-- \/ Yoast SEO plugin. -->","yoast_head_json":{"title":"Privacy Policy - AAG Stucchi","robots":{"index":"index","follow":"follow","max-snippet":"max-snippet:-1","max-image-preview":"max-image-preview:large","max-video-preview":"max-video-preview:-1"},"canonical":"https:\/\/www.aagstucchi.it\/de\/privacy-policy\/","og_locale":"de_DE","og_type":"article","og_title":"Privacy Policy - AAG Stucchi","og_description":"INFORMATIONSSCHREIBEN GEM\u00c4SS ART. 13 DER GENERAL DATA PROTECTION REGULATION. Durchf\u00fchrung der General Data Protection Regulation (im Folgenden \u201eGDPR\u201c oder Europ\u00e4ische Verordnung RV 679\/16) Die von Ihnen mitgeteilten pers\u00f6nlichen Angaben werden in einem gesch\u00fctzten elektronischen und\/oder IT-Archiv gespeichert und nur von A.A.G. STUCCHI S.r.l. mit manuellen, elektronischen und telematischen Instrumenten unter Einhaltung der Gesetzesvorschriften verarbeitet. Die [&hellip;]","og_url":"https:\/\/www.aagstucchi.it\/de\/privacy-policy\/","og_site_name":"AAG Stucchi","article_modified_time":"2026-02-24T08:21:45+00:00","twitter_card":"summary_large_image","twitter_misc":{"Gesch\u00e4tzte Lesezeit":"3\u00a0Minuten"},"schema":{"@context":"https:\/\/schema.org","@graph":[{"@type":"WebPage","@id":"https:\/\/www.aagstucchi.it\/de\/privacy-policy\/","url":"https:\/\/www.aagstucchi.it\/de\/privacy-policy\/","name":"Privacy Policy - AAG Stucchi","isPartOf":{"@id":"https:\/\/www.aagstucchi.it\/de\/#website"},"datePublished":"2023-09-25T16:38:19+00:00","dateModified":"2026-02-24T08:21:45+00:00","breadcrumb":{"@id":"https:\/\/www.aagstucchi.it\/de\/privacy-policy\/#breadcrumb"},"inLanguage":"de","potentialAction":[{"@type":"ReadAction","target":["https:\/\/www.aagstucchi.it\/de\/privacy-policy\/"]}]},{"@type":"BreadcrumbList","@id":"https:\/\/www.aagstucchi.it\/de\/privacy-policy\/#breadcrumb","itemListElement":[{"@type":"ListItem","position":1,"name":"Home","item":"https:\/\/www.aagstucchi.it\/de\/"},{"@type":"ListItem","position":2,"name":"Privacy Policy"}]},{"@type":"WebSite","@id":"https:\/\/www.aagstucchi.it\/de\/#website","url":"https:\/\/www.aagstucchi.it\/de\/","name":"AAG Stucchi","description":"","potentialAction":[{"@type":"SearchAction","target":{"@type":"EntryPoint","urlTemplate":"https:\/\/www.aagstucchi.it\/de\/?s={search_term_string}"},"query-input":{"@type":"PropertyValueSpecification","valueRequired":true,"valueName":"search_term_string"}}],"inLanguage":"de"}]}},"_links":{"self":[{"href":"https:\/\/www.aagstucchi.it\/de\/wp-json\/wp\/v2\/pages\/3","targetHints":{"allow":["GET"]}}],"collection":[{"href":"https:\/\/www.aagstucchi.it\/de\/wp-json\/wp\/v2\/pages"}],"about":[{"href":"https:\/\/www.aagstucchi.it\/de\/wp-json\/wp\/v2\/types\/page"}],"author":[{"embeddable":true,"href":"https:\/\/www.aagstucchi.it\/de\/wp-json\/wp\/v2\/users\/1"}],"replies":[{"embeddable":true,"href":"https:\/\/www.aagstucchi.it\/de\/wp-json\/wp\/v2\/comments?post=3"}],"version-history":[{"count":3,"href":"https:\/\/www.aagstucchi.it\/de\/wp-json\/wp\/v2\/pages\/3\/revisions"}],"predecessor-version":[{"id":4967,"href":"https:\/\/www.aagstucchi.it\/de\/wp-json\/wp\/v2\/pages\/3\/revisions\/4967"}],"wp:attachment":[{"href":"https:\/\/www.aagstucchi.it\/de\/wp-json\/wp\/v2\/media?parent=3"}],"curies":[{"name":"wp","href":"https:\/\/api.w.org\/{rel}","templated":true}]}}