{"id":398,"date":"2024-01-16T14:27:38","date_gmt":"2024-01-16T13:27:38","guid":{"rendered":"https:\/\/stucchi.9bureaudigitalagency.it\/?page_id=398"},"modified":"2025-01-09T09:02:34","modified_gmt":"2025-01-09T08:02:34","slug":"komponenten-der-beleuchtung","status":"publish","type":"page","link":"https:\/\/www.aagstucchi.it\/de\/produktkatalog\/komponenten-der-beleuchtung\/","title":{"rendered":"Komponenten der Beleuchtung"},"content":{"rendered":"","protected":false},"excerpt":{"rendered":"","protected":false},"author":1,"featured_media":0,"parent":18,"menu_order":0,"comment_status":"closed","ping_status":"closed","template":"templates\/catalogo-componenti-illuminazione.php","meta":{"_acf_changed":false,"footnotes":""},"class_list":["post-398","page","type-page","status-publish","hentry"],"acf":[],"yoast_head":"<!-- This site is optimized with the Yoast SEO plugin v27.4 - https:\/\/yoast.com\/product\/yoast-seo-wordpress\/ -->\n<title>Beleuchtungskomponenten - Innovative L\u00f6sungen<\/title>\n<meta name=\"description\" content=\"Von klassischen Steckverbindern und Klemmen \u00fcber Mini-Steckverbinder bis hin zu K\u00fchlk\u00f6rpern und s\u00e4mtlicher LED-Beleuchtungskomponenten.\" \/>\n<meta name=\"robots\" content=\"index, follow, max-snippet:-1, max-image-preview:large, max-video-preview:-1\" \/>\n<link rel=\"canonical\" href=\"https:\/\/www.aagstucchi.it\/de\/produktkatalog\/komponenten-der-beleuchtung\/\" \/>\n<meta property=\"og:locale\" content=\"de_DE\" \/>\n<meta property=\"og:type\" content=\"article\" \/>\n<meta property=\"og:title\" content=\"Beleuchtungskomponenten - Innovative L\u00f6sungen\" \/>\n<meta property=\"og:description\" content=\"Von klassischen Steckverbindern und Klemmen \u00fcber Mini-Steckverbinder bis hin zu K\u00fchlk\u00f6rpern und s\u00e4mtlicher LED-Beleuchtungskomponenten.\" \/>\n<meta property=\"og:url\" content=\"https:\/\/www.aagstucchi.it\/de\/produktkatalog\/komponenten-der-beleuchtung\/\" \/>\n<meta property=\"og:site_name\" content=\"AAG Stucchi\" \/>\n<meta property=\"article:modified_time\" content=\"2025-01-09T08:02:34+00:00\" \/>\n<meta name=\"twitter:card\" content=\"summary_large_image\" \/>\n<script type=\"application\/ld+json\" class=\"yoast-schema-graph\">{\"@context\":\"https:\\\/\\\/schema.org\",\"@graph\":[{\"@type\":\"WebPage\",\"@id\":\"https:\\\/\\\/www.aagstucchi.it\\\/de\\\/produktkatalog\\\/komponenten-der-beleuchtung\\\/\",\"url\":\"https:\\\/\\\/www.aagstucchi.it\\\/de\\\/produktkatalog\\\/komponenten-der-beleuchtung\\\/\",\"name\":\"Beleuchtungskomponenten - Innovative L\u00f6sungen\",\"isPartOf\":{\"@id\":\"https:\\\/\\\/www.aagstucchi.it\\\/de\\\/#website\"},\"datePublished\":\"2024-01-16T13:27:38+00:00\",\"dateModified\":\"2025-01-09T08:02:34+00:00\",\"description\":\"Von klassischen Steckverbindern und Klemmen \u00fcber Mini-Steckverbinder bis hin zu K\u00fchlk\u00f6rpern und s\u00e4mtlicher LED-Beleuchtungskomponenten.\",\"breadcrumb\":{\"@id\":\"https:\\\/\\\/www.aagstucchi.it\\\/de\\\/produktkatalog\\\/komponenten-der-beleuchtung\\\/#breadcrumb\"},\"inLanguage\":\"de\",\"potentialAction\":[{\"@type\":\"ReadAction\",\"target\":[\"https:\\\/\\\/www.aagstucchi.it\\\/de\\\/produktkatalog\\\/komponenten-der-beleuchtung\\\/\"]}]},{\"@type\":\"BreadcrumbList\",\"@id\":\"https:\\\/\\\/www.aagstucchi.it\\\/de\\\/produktkatalog\\\/komponenten-der-beleuchtung\\\/#breadcrumb\",\"itemListElement\":[{\"@type\":\"ListItem\",\"position\":1,\"name\":\"Home\",\"item\":\"https:\\\/\\\/www.aagstucchi.it\\\/de\\\/\"},{\"@type\":\"ListItem\",\"position\":2,\"name\":\"Produktkatalog\",\"item\":\"https:\\\/\\\/www.aagstucchi.it\\\/de\\\/produktkatalog\\\/\"},{\"@type\":\"ListItem\",\"position\":3,\"name\":\"Komponenten der Beleuchtung\"}]},{\"@type\":\"WebSite\",\"@id\":\"https:\\\/\\\/www.aagstucchi.it\\\/de\\\/#website\",\"url\":\"https:\\\/\\\/www.aagstucchi.it\\\/de\\\/\",\"name\":\"AAG Stucchi\",\"description\":\"\",\"potentialAction\":[{\"@type\":\"SearchAction\",\"target\":{\"@type\":\"EntryPoint\",\"urlTemplate\":\"https:\\\/\\\/www.aagstucchi.it\\\/de\\\/?s={search_term_string}\"},\"query-input\":{\"@type\":\"PropertyValueSpecification\",\"valueRequired\":true,\"valueName\":\"search_term_string\"}}],\"inLanguage\":\"de\"}]}<\/script>\n<!-- \/ Yoast SEO plugin. -->","yoast_head_json":{"title":"Beleuchtungskomponenten - Innovative L\u00f6sungen","description":"Von klassischen Steckverbindern und Klemmen \u00fcber Mini-Steckverbinder bis hin zu K\u00fchlk\u00f6rpern und s\u00e4mtlicher LED-Beleuchtungskomponenten.","robots":{"index":"index","follow":"follow","max-snippet":"max-snippet:-1","max-image-preview":"max-image-preview:large","max-video-preview":"max-video-preview:-1"},"canonical":"https:\/\/www.aagstucchi.it\/de\/produktkatalog\/komponenten-der-beleuchtung\/","og_locale":"de_DE","og_type":"article","og_title":"Beleuchtungskomponenten - Innovative L\u00f6sungen","og_description":"Von klassischen Steckverbindern und Klemmen \u00fcber Mini-Steckverbinder bis hin zu K\u00fchlk\u00f6rpern und s\u00e4mtlicher LED-Beleuchtungskomponenten.","og_url":"https:\/\/www.aagstucchi.it\/de\/produktkatalog\/komponenten-der-beleuchtung\/","og_site_name":"AAG Stucchi","article_modified_time":"2025-01-09T08:02:34+00:00","twitter_card":"summary_large_image","schema":{"@context":"https:\/\/schema.org","@graph":[{"@type":"WebPage","@id":"https:\/\/www.aagstucchi.it\/de\/produktkatalog\/komponenten-der-beleuchtung\/","url":"https:\/\/www.aagstucchi.it\/de\/produktkatalog\/komponenten-der-beleuchtung\/","name":"Beleuchtungskomponenten - Innovative L\u00f6sungen","isPartOf":{"@id":"https:\/\/www.aagstucchi.it\/de\/#website"},"datePublished":"2024-01-16T13:27:38+00:00","dateModified":"2025-01-09T08:02:34+00:00","description":"Von klassischen Steckverbindern und Klemmen \u00fcber Mini-Steckverbinder bis hin zu K\u00fchlk\u00f6rpern und s\u00e4mtlicher LED-Beleuchtungskomponenten.","breadcrumb":{"@id":"https:\/\/www.aagstucchi.it\/de\/produktkatalog\/komponenten-der-beleuchtung\/#breadcrumb"},"inLanguage":"de","potentialAction":[{"@type":"ReadAction","target":["https:\/\/www.aagstucchi.it\/de\/produktkatalog\/komponenten-der-beleuchtung\/"]}]},{"@type":"BreadcrumbList","@id":"https:\/\/www.aagstucchi.it\/de\/produktkatalog\/komponenten-der-beleuchtung\/#breadcrumb","itemListElement":[{"@type":"ListItem","position":1,"name":"Home","item":"https:\/\/www.aagstucchi.it\/de\/"},{"@type":"ListItem","position":2,"name":"Produktkatalog","item":"https:\/\/www.aagstucchi.it\/de\/produktkatalog\/"},{"@type":"ListItem","position":3,"name":"Komponenten der Beleuchtung"}]},{"@type":"WebSite","@id":"https:\/\/www.aagstucchi.it\/de\/#website","url":"https:\/\/www.aagstucchi.it\/de\/","name":"AAG Stucchi","description":"","potentialAction":[{"@type":"SearchAction","target":{"@type":"EntryPoint","urlTemplate":"https:\/\/www.aagstucchi.it\/de\/?s={search_term_string}"},"query-input":{"@type":"PropertyValueSpecification","valueRequired":true,"valueName":"search_term_string"}}],"inLanguage":"de"}]}},"_links":{"self":[{"href":"https:\/\/www.aagstucchi.it\/de\/wp-json\/wp\/v2\/pages\/398","targetHints":{"allow":["GET"]}}],"collection":[{"href":"https:\/\/www.aagstucchi.it\/de\/wp-json\/wp\/v2\/pages"}],"about":[{"href":"https:\/\/www.aagstucchi.it\/de\/wp-json\/wp\/v2\/types\/page"}],"author":[{"embeddable":true,"href":"https:\/\/www.aagstucchi.it\/de\/wp-json\/wp\/v2\/users\/1"}],"replies":[{"embeddable":true,"href":"https:\/\/www.aagstucchi.it\/de\/wp-json\/wp\/v2\/comments?post=398"}],"version-history":[{"count":2,"href":"https:\/\/www.aagstucchi.it\/de\/wp-json\/wp\/v2\/pages\/398\/revisions"}],"predecessor-version":[{"id":1011,"href":"https:\/\/www.aagstucchi.it\/de\/wp-json\/wp\/v2\/pages\/398\/revisions\/1011"}],"up":[{"embeddable":true,"href":"https:\/\/www.aagstucchi.it\/de\/wp-json\/wp\/v2\/pages\/18"}],"wp:attachment":[{"href":"https:\/\/www.aagstucchi.it\/de\/wp-json\/wp\/v2\/media?parent=398"}],"curies":[{"name":"wp","href":"https:\/\/api.w.org\/{rel}","templated":true}]}}