{"id":70,"date":"2023-12-13T10:26:21","date_gmt":"2023-12-13T09:26:21","guid":{"rendered":"https:\/\/stucchi.9bureaudigitalagency.it\/?page_id=70"},"modified":"2025-01-09T08:58:07","modified_gmt":"2025-01-09T07:58:07","slug":"unser-produktsortiment","status":"publish","type":"page","link":"https:\/\/www.aagstucchi.it\/de\/unser-produktsortiment\/","title":{"rendered":"Unsere Produkte"},"content":{"rendered":"","protected":false},"excerpt":{"rendered":"","protected":false},"author":1,"featured_media":0,"parent":0,"menu_order":0,"comment_status":"closed","ping_status":"closed","template":"templates\/pagina-gamme.php","meta":{"_acf_changed":false,"footnotes":""},"class_list":["post-70","page","type-page","status-publish","hentry"],"acf":[],"yoast_head":"<!-- This site is optimized with the Yoast SEO plugin v27.3 - https:\/\/yoast.com\/product\/yoast-seo-wordpress\/ -->\n<title>Die Produktreihen - L\u00f6sungen f\u00fcr qualitativ hochwertige Beleuchtung<\/title>\n<meta name=\"description\" content=\"Entdecken Sie die Produktreihen von A.A.G. Stucchi: ein f\u00fchrendes Unternehmen im Bereich Schienensystembeleuchtung und Beleuchtungskomponenten.\" \/>\n<meta name=\"robots\" content=\"index, follow, max-snippet:-1, max-image-preview:large, max-video-preview:-1\" \/>\n<link rel=\"canonical\" href=\"https:\/\/www.aagstucchi.it\/de\/unser-produktsortiment\/\" \/>\n<meta property=\"og:locale\" content=\"de_DE\" \/>\n<meta property=\"og:type\" content=\"article\" \/>\n<meta property=\"og:title\" content=\"Die Produktreihen - L\u00f6sungen f\u00fcr qualitativ hochwertige Beleuchtung\" \/>\n<meta property=\"og:description\" content=\"Entdecken Sie die Produktreihen von A.A.G. Stucchi: ein f\u00fchrendes Unternehmen im Bereich Schienensystembeleuchtung und Beleuchtungskomponenten.\" \/>\n<meta property=\"og:url\" content=\"https:\/\/www.aagstucchi.it\/de\/unser-produktsortiment\/\" \/>\n<meta property=\"og:site_name\" content=\"AAG Stucchi\" \/>\n<meta property=\"article:modified_time\" content=\"2025-01-09T07:58:07+00:00\" \/>\n<meta name=\"twitter:card\" content=\"summary_large_image\" \/>\n<script type=\"application\/ld+json\" class=\"yoast-schema-graph\">{\"@context\":\"https:\\\/\\\/schema.org\",\"@graph\":[{\"@type\":\"WebPage\",\"@id\":\"https:\\\/\\\/www.aagstucchi.it\\\/de\\\/unser-produktsortiment\\\/\",\"url\":\"https:\\\/\\\/www.aagstucchi.it\\\/de\\\/unser-produktsortiment\\\/\",\"name\":\"Die Produktreihen - L\u00f6sungen f\u00fcr qualitativ hochwertige Beleuchtung\",\"isPartOf\":{\"@id\":\"https:\\\/\\\/www.aagstucchi.it\\\/de\\\/#website\"},\"datePublished\":\"2023-12-13T09:26:21+00:00\",\"dateModified\":\"2025-01-09T07:58:07+00:00\",\"description\":\"Entdecken Sie die Produktreihen von A.A.G. Stucchi: ein f\u00fchrendes Unternehmen im Bereich Schienensystembeleuchtung und Beleuchtungskomponenten.\",\"breadcrumb\":{\"@id\":\"https:\\\/\\\/www.aagstucchi.it\\\/de\\\/unser-produktsortiment\\\/#breadcrumb\"},\"inLanguage\":\"de\",\"potentialAction\":[{\"@type\":\"ReadAction\",\"target\":[\"https:\\\/\\\/www.aagstucchi.it\\\/de\\\/unser-produktsortiment\\\/\"]}]},{\"@type\":\"BreadcrumbList\",\"@id\":\"https:\\\/\\\/www.aagstucchi.it\\\/de\\\/unser-produktsortiment\\\/#breadcrumb\",\"itemListElement\":[{\"@type\":\"ListItem\",\"position\":1,\"name\":\"Home\",\"item\":\"https:\\\/\\\/www.aagstucchi.it\\\/de\\\/\"},{\"@type\":\"ListItem\",\"position\":2,\"name\":\"Unsere Produkte\"}]},{\"@type\":\"WebSite\",\"@id\":\"https:\\\/\\\/www.aagstucchi.it\\\/de\\\/#website\",\"url\":\"https:\\\/\\\/www.aagstucchi.it\\\/de\\\/\",\"name\":\"AAG Stucchi\",\"description\":\"\",\"potentialAction\":[{\"@type\":\"SearchAction\",\"target\":{\"@type\":\"EntryPoint\",\"urlTemplate\":\"https:\\\/\\\/www.aagstucchi.it\\\/de\\\/?s={search_term_string}\"},\"query-input\":{\"@type\":\"PropertyValueSpecification\",\"valueRequired\":true,\"valueName\":\"search_term_string\"}}],\"inLanguage\":\"de\"}]}<\/script>\n<!-- \/ Yoast SEO plugin. -->","yoast_head_json":{"title":"Die Produktreihen - L\u00f6sungen f\u00fcr qualitativ hochwertige Beleuchtung","description":"Entdecken Sie die Produktreihen von A.A.G. Stucchi: ein f\u00fchrendes Unternehmen im Bereich Schienensystembeleuchtung und Beleuchtungskomponenten.","robots":{"index":"index","follow":"follow","max-snippet":"max-snippet:-1","max-image-preview":"max-image-preview:large","max-video-preview":"max-video-preview:-1"},"canonical":"https:\/\/www.aagstucchi.it\/de\/unser-produktsortiment\/","og_locale":"de_DE","og_type":"article","og_title":"Die Produktreihen - L\u00f6sungen f\u00fcr qualitativ hochwertige Beleuchtung","og_description":"Entdecken Sie die Produktreihen von A.A.G. Stucchi: ein f\u00fchrendes Unternehmen im Bereich Schienensystembeleuchtung und Beleuchtungskomponenten.","og_url":"https:\/\/www.aagstucchi.it\/de\/unser-produktsortiment\/","og_site_name":"AAG Stucchi","article_modified_time":"2025-01-09T07:58:07+00:00","twitter_card":"summary_large_image","schema":{"@context":"https:\/\/schema.org","@graph":[{"@type":"WebPage","@id":"https:\/\/www.aagstucchi.it\/de\/unser-produktsortiment\/","url":"https:\/\/www.aagstucchi.it\/de\/unser-produktsortiment\/","name":"Die Produktreihen - L\u00f6sungen f\u00fcr qualitativ hochwertige Beleuchtung","isPartOf":{"@id":"https:\/\/www.aagstucchi.it\/de\/#website"},"datePublished":"2023-12-13T09:26:21+00:00","dateModified":"2025-01-09T07:58:07+00:00","description":"Entdecken Sie die Produktreihen von A.A.G. Stucchi: ein f\u00fchrendes Unternehmen im Bereich Schienensystembeleuchtung und Beleuchtungskomponenten.","breadcrumb":{"@id":"https:\/\/www.aagstucchi.it\/de\/unser-produktsortiment\/#breadcrumb"},"inLanguage":"de","potentialAction":[{"@type":"ReadAction","target":["https:\/\/www.aagstucchi.it\/de\/unser-produktsortiment\/"]}]},{"@type":"BreadcrumbList","@id":"https:\/\/www.aagstucchi.it\/de\/unser-produktsortiment\/#breadcrumb","itemListElement":[{"@type":"ListItem","position":1,"name":"Home","item":"https:\/\/www.aagstucchi.it\/de\/"},{"@type":"ListItem","position":2,"name":"Unsere Produkte"}]},{"@type":"WebSite","@id":"https:\/\/www.aagstucchi.it\/de\/#website","url":"https:\/\/www.aagstucchi.it\/de\/","name":"AAG Stucchi","description":"","potentialAction":[{"@type":"SearchAction","target":{"@type":"EntryPoint","urlTemplate":"https:\/\/www.aagstucchi.it\/de\/?s={search_term_string}"},"query-input":{"@type":"PropertyValueSpecification","valueRequired":true,"valueName":"search_term_string"}}],"inLanguage":"de"}]}},"_links":{"self":[{"href":"https:\/\/www.aagstucchi.it\/de\/wp-json\/wp\/v2\/pages\/70","targetHints":{"allow":["GET"]}}],"collection":[{"href":"https:\/\/www.aagstucchi.it\/de\/wp-json\/wp\/v2\/pages"}],"about":[{"href":"https:\/\/www.aagstucchi.it\/de\/wp-json\/wp\/v2\/types\/page"}],"author":[{"embeddable":true,"href":"https:\/\/www.aagstucchi.it\/de\/wp-json\/wp\/v2\/users\/1"}],"replies":[{"embeddable":true,"href":"https:\/\/www.aagstucchi.it\/de\/wp-json\/wp\/v2\/comments?post=70"}],"version-history":[{"count":27,"href":"https:\/\/www.aagstucchi.it\/de\/wp-json\/wp\/v2\/pages\/70\/revisions"}],"predecessor-version":[{"id":1037,"href":"https:\/\/www.aagstucchi.it\/de\/wp-json\/wp\/v2\/pages\/70\/revisions\/1037"}],"wp:attachment":[{"href":"https:\/\/www.aagstucchi.it\/de\/wp-json\/wp\/v2\/media?parent=70"}],"curies":[{"name":"wp","href":"https:\/\/api.w.org\/{rel}","templated":true}]}}